{"id":12,"date":"2025-03-13T22:26:53","date_gmt":"2025-03-13T22:26:53","guid":{"rendered":"https:\/\/drojograficas.com\/?page_id=12"},"modified":"2025-03-21T20:58:49","modified_gmt":"2025-03-21T20:58:49","slug":"nosotros","status":"publish","type":"page","link":"https:\/\/drojograficas.com\/en\/nosotros\/","title":{"rendered":"Sobre nosotros"},"content":{"rendered":"<div data-elementor-type=\"wp-page\" data-elementor-id=\"12\" class=\"elementor elementor-12\" data-elementor-post-type=\"page\">\n\t\t\t\t<div class=\"elementor-element elementor-element-a09cb3e e-flex e-con-boxed e-con e-parent\" data-id=\"a09cb3e\" data-element_type=\"container\" data-settings=\"{&quot;background_background&quot;:&quot;classic&quot;}\">\n\t\t\t\t\t<div class=\"e-con-inner\">\n\t\t<div class=\"elementor-element elementor-element-9d7387f e-con-full e-flex elementor-invisible e-con e-child\" data-id=\"9d7387f\" data-element_type=\"container\" data-settings=\"{&quot;animation&quot;:&quot;fadeIn&quot;}\">\n\t\t\t\t<div class=\"elementor-element elementor-element-03bfb07 elementor-widget-mobile__width-inherit elementor-widget__width-inherit elementor-widget elementor-widget-heading\" data-id=\"03bfb07\" data-element_type=\"widget\" data-widget_type=\"heading.default\">\n\t\t\t\t<div class=\"elementor-widget-container\">\n\t\t\t\t\t<h1 class=\"elementor-heading-title elementor-size-default\">Sobre <span class=\"resaltado\">nosotros<\/span><\/h1>\t\t\t\t<\/div>\n\t\t\t\t<\/div>\n\t\t\t\t<div class=\"elementor-element elementor-element-6fdd47c elementor-widget__width-inherit elementor-widget-mobile__width-initial elementor-widget elementor-widget-text-editor\" data-id=\"6fdd47c\" data-element_type=\"widget\" data-widget_type=\"text-editor.default\">\n\t\t\t\t<div class=\"elementor-widget-container\">\n\t\t\t\t\t\t\t\t\t<p>D&#8217;rojo Copister\u00eda en C\u00f3rdoba<\/p>\t\t\t\t\t\t\t\t<\/div>\n\t\t\t\t<\/div>\n\t\t\t\t<\/div>\n\t\t\t\t\t<\/div>\n\t\t\t\t<\/div>\n\t\t<div class=\"elementor-element elementor-element-ec60ff7 e-flex e-con-boxed e-con e-parent\" data-id=\"ec60ff7\" data-element_type=\"container\" data-settings=\"{&quot;background_background&quot;:&quot;classic&quot;}\">\n\t\t\t\t\t<div class=\"e-con-inner\">\n\t\t<div class=\"elementor-element elementor-element-492438d e-con-full e-flex e-con e-child\" data-id=\"492438d\" data-element_type=\"container\">\n\t\t\t\t<div class=\"elementor-element elementor-element-9ffb64d elementor-widget__width-initial elementor-widget-mobile__width-inherit elementor-invisible elementor-widget elementor-widget-image\" data-id=\"9ffb64d\" data-element_type=\"widget\" data-settings=\"{&quot;_animation&quot;:&quot;fadeIn&quot;,&quot;_animation_delay&quot;:400}\" data-widget_type=\"image.default\">\n\t\t\t\t<div class=\"elementor-widget-container\">\n\t\t\t\t\t\t\t\t\t\t\t\t\t\t\t<img fetchpriority=\"high\" decoding=\"async\" width=\"1098\" height=\"703\" src=\"https:\/\/drojograficas.com\/wp-content\/uploads\/2025\/03\/unsplash_376KN_ISplE-2.png\" class=\"attachment-full size-full wp-image-438\" alt=\"\" srcset=\"https:\/\/drojograficas.com\/wp-content\/uploads\/2025\/03\/unsplash_376KN_ISplE-2.png 1098w, https:\/\/drojograficas.com\/wp-content\/uploads\/2025\/03\/unsplash_376KN_ISplE-2-300x192.png 300w, https:\/\/drojograficas.com\/wp-content\/uploads\/2025\/03\/unsplash_376KN_ISplE-2-1024x656.png 1024w, https:\/\/drojograficas.com\/wp-content\/uploads\/2025\/03\/unsplash_376KN_ISplE-2-768x492.png 768w\" sizes=\"(max-width: 1098px) 100vw, 1098px\" \/>\t\t\t\t\t\t\t\t\t\t\t\t\t\t\t<\/div>\n\t\t\t\t<\/div>\n\t\t\t\t<div class=\"elementor-element elementor-element-0c98227 elementor-widget__width-initial elementor-widget-mobile__width-inherit elementor-invisible elementor-widget elementor-widget-image\" data-id=\"0c98227\" data-element_type=\"widget\" data-settings=\"{&quot;_animation&quot;:&quot;fadeIn&quot;,&quot;_animation_delay&quot;:600}\" data-widget_type=\"image.default\">\n\t\t\t\t<div class=\"elementor-widget-container\">\n\t\t\t\t\t\t\t\t\t\t\t\t\t\t\t<img decoding=\"async\" width=\"701\" height=\"715\" src=\"https:\/\/drojograficas.com\/wp-content\/uploads\/2025\/03\/trabajo.png\" class=\"attachment-full size-full wp-image-425\" alt=\"\" srcset=\"https:\/\/drojograficas.com\/wp-content\/uploads\/2025\/03\/trabajo.png 701w, https:\/\/drojograficas.com\/wp-content\/uploads\/2025\/03\/trabajo-294x300.png 294w\" sizes=\"(max-width: 701px) 100vw, 701px\" \/>\t\t\t\t\t\t\t\t\t\t\t\t\t\t\t<\/div>\n\t\t\t\t<\/div>\n\t\t\t\t<\/div>\n\t\t<div class=\"elementor-element elementor-element-23c3b21 e-con-full e-flex e-con e-child\" data-id=\"23c3b21\" data-element_type=\"container\">\n\t\t\t\t<div class=\"elementor-element elementor-element-c833f1e elementor-widget__width-initial elementor-widget-tablet__width-inherit elementor-widget elementor-widget-heading\" data-id=\"c833f1e\" data-element_type=\"widget\" data-settings=\"{&quot;_animation&quot;:&quot;none&quot;}\" data-widget_type=\"heading.default\">\n\t\t\t\t<div class=\"elementor-widget-container\">\n\t\t\t\t\t<h2 class=\"elementor-heading-title elementor-size-default\">Soy Ana, una joven emprendedora con un sue\u00f1o por delante, montar mi propia copister\u00eda.<\/h2>\t\t\t\t<\/div>\n\t\t\t\t<\/div>\n\t\t\t\t<div class=\"elementor-element elementor-element-000bed6 elementor-widget__width-initial elementor-widget-tablet__width-inherit elementor-invisible elementor-widget elementor-widget-text-editor\" data-id=\"000bed6\" data-element_type=\"widget\" data-settings=\"{&quot;_animation&quot;:&quot;fadeInRight&quot;,&quot;_animation_tablet&quot;:&quot;fadeInUp&quot;}\" data-widget_type=\"text-editor.default\">\n\t\t\t\t<div class=\"elementor-widget-container\">\n\t\t\t\t\t\t\t\t\t<p>La idea era muy sencilla, hacer m\u00e1s f\u00e1cil la vida de la gente y ayudar a cualquiera que necesite fotocopiar o personalizar un regalo en C\u00f3rdoba.<\/p><p>As\u00ed naci\u00f3 D\u2019rojo, una imprenta con alma, donde podr\u00e1s sentirte como en casa cada vez que vengas.<\/p><p>Desde siempre he apostado por ofrecer<strong> calidad, rapidez y buenos precios<\/strong>, pero sobre todo, por brindar un trato amable y cercano. <strong>Me encanta ver c\u00f3mo ayudar a la gente tiene su recompensa:<\/strong> un estudiante que necesita imprimir sus apuntes antes de un examen, alguien que busca el regalo personalizado perfecto en poco tiempo, como una taza con una foto. Encontrar\u00e1s en nuestra copister\u00eda barata todo tipo de regalos personalizados en C\u00f3rdoba.<\/p><p>En D\u2019rojo, no solo <strong>imprimimos en papel, imprimimos recuerdos, proyectos e ilusiones.<\/strong><\/p>\t\t\t\t\t\t\t\t<\/div>\n\t\t\t\t<\/div>\n\t\t\t\t<\/div>\n\t\t\t\t\t<\/div>\n\t\t\t\t<\/div>\n\t\t<div class=\"elementor-element elementor-element-6d0e0be e-flex e-con-boxed e-con e-parent\" data-id=\"6d0e0be\" data-element_type=\"container\">\n\t\t\t\t\t<div class=\"e-con-inner\">\n\t\t<div class=\"elementor-element elementor-element-09f7138 e-con-full e-flex elementor-invisible e-con e-child\" data-id=\"09f7138\" data-element_type=\"container\" data-settings=\"{&quot;background_background&quot;:&quot;classic&quot;,&quot;animation&quot;:&quot;fadeInUp&quot;}\">\n\t\t\t\t<div class=\"elementor-element elementor-element-9cd2ee6 elementor-align-center elementor-widget elementor-widget-button\" data-id=\"9cd2ee6\" data-element_type=\"widget\" data-widget_type=\"button.default\">\n\t\t\t\t<div class=\"elementor-widget-container\">\n\t\t\t\t\t\t\t\t\t<div class=\"elementor-button-wrapper\">\n\t\t\t\t\t<a class=\"elementor-button elementor-button-link elementor-size-sm\" href=\"#\">\n\t\t\t\t\t\t<span class=\"elementor-button-content-wrapper\">\n\t\t\t\t\t\t\t\t\t<span class=\"elementor-button-text\">Disfruta de nuestros productos personalizados<\/span>\n\t\t\t\t\t<\/span>\n\t\t\t\t\t<\/a>\n\t\t\t\t<\/div>\n\t\t\t\t\t\t\t\t<\/div>\n\t\t\t\t<\/div>\n\t\t\t\t<div class=\"elementor-element elementor-element-25b61cd elementor-widget elementor-widget-heading\" data-id=\"25b61cd\" data-element_type=\"widget\" data-widget_type=\"heading.default\">\n\t\t\t\t<div class=\"elementor-widget-container\">\n\t\t\t\t\t<h2 class=\"elementor-heading-title elementor-size-default\">Tu copister\u00eda de confianza en C\u00f3rdoba, donde cada impresi\u00f3n cuenta.<\/h2>\t\t\t\t<\/div>\n\t\t\t\t<\/div>\n\t\t\t\t<div class=\"elementor-element elementor-element-db5cba2 elementor-widget__width-initial elementor-widget-mobile__width-initial elementor-widget elementor-widget-text-editor\" data-id=\"db5cba2\" data-element_type=\"widget\" data-widget_type=\"text-editor.default\">\n\t\t\t\t<div class=\"elementor-widget-container\">\n\t\t\t\t\t\t\t\t\t<p>Descubre la copister\u00eda barata en la que encontrar\u00e1s una amplia gama de productos personalizados<\/p>\t\t\t\t\t\t\t\t<\/div>\n\t\t\t\t<\/div>\n\t\t\t\t<div class=\"elementor-element elementor-element-e155c68 elementor-align-center elementor-widget elementor-widget-button\" data-id=\"e155c68\" data-element_type=\"widget\" data-widget_type=\"button.default\">\n\t\t\t\t<div class=\"elementor-widget-container\">\n\t\t\t\t\t\t\t\t\t<div class=\"elementor-button-wrapper\">\n\t\t\t\t\t<a class=\"elementor-button elementor-button-link elementor-size-sm elementor-animation-shrink\" href=\"https:\/\/drojograficas.com\/en\/servicios\/\">\n\t\t\t\t\t\t<span class=\"elementor-button-content-wrapper\">\n\t\t\t\t\t\t\t\t\t<span class=\"elementor-button-text\">Nuestros servicios<\/span>\n\t\t\t\t\t<\/span>\n\t\t\t\t\t<\/a>\n\t\t\t\t<\/div>\n\t\t\t\t\t\t\t\t<\/div>\n\t\t\t\t<\/div>\n\t\t\t\t<\/div>\n\t\t\t\t\t<\/div>\n\t\t\t\t<\/div>\n\t\t<div class=\"elementor-element elementor-element-d134dbb e-flex e-con-boxed e-con e-parent\" data-id=\"d134dbb\" data-element_type=\"container\" data-settings=\"{&quot;background_background&quot;:&quot;classic&quot;}\">\n\t\t\t\t\t<div class=\"e-con-inner\">\n\t\t<div class=\"elementor-element elementor-element-1fc6764 e-con-full e-flex e-con e-child\" data-id=\"1fc6764\" data-element_type=\"container\" data-settings=\"{&quot;background_background&quot;:&quot;classic&quot;}\">\n\t\t\t\t<div class=\"elementor-element elementor-element-b8d06a1 elementor-widget elementor-widget-heading\" data-id=\"b8d06a1\" data-element_type=\"widget\" data-widget_type=\"heading.default\">\n\t\t\t\t<div class=\"elementor-widget-container\">\n\t\t\t\t\t<h2 class=\"elementor-heading-title elementor-size-default\">Rellena el formulario<\/h2>\t\t\t\t<\/div>\n\t\t\t\t<\/div>\n\t\t\t\t<div class=\"elementor-element elementor-element-e063aaa elementor-button-align-start elementor-widget elementor-widget-form\" data-id=\"e063aaa\" data-element_type=\"widget\" data-settings=\"{&quot;step_next_label&quot;:&quot;Siguiente&quot;,&quot;step_previous_label&quot;:&quot;Anterior&quot;,&quot;button_width&quot;:&quot;100&quot;,&quot;step_type&quot;:&quot;number_text&quot;,&quot;step_icon_shape&quot;:&quot;circle&quot;}\" data-widget_type=\"form.default\">\n\t\t\t\t<div class=\"elementor-widget-container\">\n\t\t\t\t\t\t\t<form class=\"elementor-form\" method=\"post\" name=\"Nuevo formulario\" aria-label=\"Nuevo formulario\" action=\"\">\n\t\t\t<input type=\"hidden\" name=\"post_id\" value=\"12\"\/>\n\t\t\t<input type=\"hidden\" name=\"form_id\" value=\"e063aaa\"\/>\n\t\t\t<input type=\"hidden\" name=\"referer_title\" value=\"Sobre nosotros | DRojo Gr\u00e1ficas\" \/>\n\n\t\t\t\t\t\t\t<input type=\"hidden\" name=\"queried_id\" value=\"12\"\/>\n\t\t\t\n\t\t\t<div class=\"elementor-form-fields-wrapper elementor-labels-\">\n\t\t\t\t\t\t\t\t<div class=\"elementor-field-type-text elementor-field-group elementor-column elementor-field-group-name elementor-col-50\">\n\t\t\t\t\t\t\t\t\t\t\t\t<label for=\"form-field-name\" class=\"elementor-field-label elementor-screen-only\">\n\t\t\t\t\t\t\t\tNombre\t\t\t\t\t\t\t<\/label>\n\t\t\t\t\t\t\t\t\t\t\t\t\t\t<input size=\"1\" type=\"text\" name=\"form_fields[name]\" id=\"form-field-name\" class=\"elementor-field elementor-size-md  elementor-field-textual\" placeholder=\"Nombre\">\n\t\t\t\t\t\t\t\t\t\t\t<\/div>\n\t\t\t\t\t\t\t\t<div class=\"elementor-field-type-text elementor-field-group elementor-column elementor-field-group-field_d855797 elementor-col-50\">\n\t\t\t\t\t\t\t\t\t\t\t\t<label for=\"form-field-field_d855797\" class=\"elementor-field-label elementor-screen-only\">\n\t\t\t\t\t\t\t\tApellido\t\t\t\t\t\t\t<\/label>\n\t\t\t\t\t\t\t\t\t\t\t\t\t\t<input size=\"1\" type=\"text\" name=\"form_fields[field_d855797]\" id=\"form-field-field_d855797\" class=\"elementor-field elementor-size-md  elementor-field-textual\" placeholder=\"Apellido\">\n\t\t\t\t\t\t\t\t\t\t\t<\/div>\n\t\t\t\t\t\t\t\t<div class=\"elementor-field-type-email elementor-field-group elementor-column elementor-field-group-email elementor-col-100 elementor-field-required\">\n\t\t\t\t\t\t\t\t\t\t\t\t<label for=\"form-field-email\" class=\"elementor-field-label elementor-screen-only\">\n\t\t\t\t\t\t\t\tIngresa tu direcci\u00f3n de email\t\t\t\t\t\t\t<\/label>\n\t\t\t\t\t\t\t\t\t\t\t\t\t\t<input size=\"1\" type=\"email\" name=\"form_fields[email]\" id=\"form-field-email\" class=\"elementor-field elementor-size-md  elementor-field-textual\" placeholder=\"Ingresa tu direcci\u00f3n de email\" required=\"required\">\n\t\t\t\t\t\t\t\t\t\t\t<\/div>\n\t\t\t\t\t\t\t\t<div class=\"elementor-field-type-textarea elementor-field-group elementor-column elementor-field-group-message elementor-col-100\">\n\t\t\t\t\t\t\t\t\t\t\t\t<label for=\"form-field-message\" class=\"elementor-field-label elementor-screen-only\">\n\t\t\t\t\t\t\t\tIngresa tu mensaje\t\t\t\t\t\t\t<\/label>\n\t\t\t\t\t\t<textarea class=\"elementor-field-textual elementor-field  elementor-size-md\" name=\"form_fields[message]\" id=\"form-field-message\" rows=\"4\" placeholder=\"Ingresa tu mensaje\"><\/textarea>\t\t\t\t<\/div>\n\t\t\t\t\t\t\t\t<div class=\"elementor-field-type-recaptcha_v3 elementor-field-group elementor-column elementor-field-group-field_512a0d0 elementor-col-100 recaptcha_v3-inline\">\n\t\t\t\t\t<div class=\"elementor-field\" id=\"form-field-field_512a0d0\"><div class=\"elementor-g-recaptcha\" data-sitekey=\"6LddY_kqAAAAAM3ovd_9lvoIT-rBowNKxSWIHcFZ\" data-type=\"v3\" data-action=\"Form\" data-badge=\"inline\" data-size=\"invisible\"><\/div><\/div>\t\t\t\t<\/div>\n\t\t\t\t\t\t\t\t<div class=\"elementor-field-group elementor-column elementor-field-type-submit elementor-col-100 e-form__buttons\">\n\t\t\t\t\t<button class=\"elementor-button elementor-size-md elementor-animation-shrink\" type=\"submit\">\n\t\t\t\t\t\t<span class=\"elementor-button-content-wrapper\">\n\t\t\t\t\t\t\t\t\t\t\t\t\t\t\t\t\t\t\t\t\t\t<span class=\"elementor-button-text\">Contacta con nosotros<\/span>\n\t\t\t\t\t\t\t\t\t\t\t\t\t<\/span>\n\t\t\t\t\t<\/button>\n\t\t\t\t<\/div>\n\t\t\t<\/div>\n\t\t<input type=\"hidden\" name=\"trp-form-language\" value=\"en\"\/><\/form>\n\t\t\t\t\t\t<\/div>\n\t\t\t\t<\/div>\n\t\t\t\t<\/div>\n\t\t<div class=\"elementor-element elementor-element-b26ba89 e-con-full e-flex e-con e-child\" data-id=\"b26ba89\" data-element_type=\"container\">\n\t\t\t\t<div class=\"elementor-element elementor-element-3513698 elementor-widget elementor-widget-google_maps\" data-id=\"3513698\" data-element_type=\"widget\" data-widget_type=\"google_maps.default\">\n\t\t\t\t<div class=\"elementor-widget-container\">\n\t\t\t\t\t\t\t<div class=\"elementor-custom-embed\">\n\t\t\t<iframe loading=\"lazy\"\n\t\t\t\t\tsrc=\"https:\/\/maps.google.com\/maps?q=C%2F%20Osario%2C%2012%20C%C3%B3rdoba%20Espa%C3%B1a&#038;t=m&#038;z=14&#038;output=embed&#038;iwloc=near\"\n\t\t\t\t\ttitle=\"C\/ Osario, 12 C\u00f3rdoba Espa\u00f1a\"\n\t\t\t\t\taria-label=\"C\/ Osario, 12 C\u00f3rdoba Espa\u00f1a\"\n\t\t\t><\/iframe>\n\t\t<\/div>\n\t\t\t\t\t\t<\/div>\n\t\t\t\t<\/div>\n\t\t\t\t<\/div>\n\t\t\t\t\t<\/div>\n\t\t\t\t<\/div>\n\t\t\t\t<\/div>","protected":false},"excerpt":{"rendered":"<p>Sobre nosotros D&#8217;rojo Copister\u00eda en C\u00f3rdoba Soy Ana, una joven emprendedora con un sue\u00f1o por delante, montar mi propia copister\u00eda. La idea era muy sencilla, hacer m\u00e1s f\u00e1cil la vida de la gente y ayudar a cualquiera que necesite fotocopiar o personalizar un regalo en C\u00f3rdoba. As\u00ed naci\u00f3 D\u2019rojo, una imprenta con alma, donde podr\u00e1s [&hellip;]<\/p>","protected":false},"author":2,"featured_media":0,"parent":0,"menu_order":0,"comment_status":"closed","ping_status":"closed","template":"","meta":{"_joinchat":[],"footnotes":""},"class_list":["post-12","page","type-page","status-publish","hentry"],"yoast_head":"<!-- This site is optimized with the Yoast SEO plugin v26.1.1 - https:\/\/yoast.com\/wordpress\/plugins\/seo\/ -->\n<title>Sobre nosotros | DRojo Gr\u00e1ficas<\/title>\n<meta name=\"description\" content=\"Soy Ana, una joven emprendedora con un sue\u00f1o por delante, montar mi propia copister\u00eda.\" \/>\n<meta name=\"robots\" content=\"index, follow, max-snippet:-1, max-image-preview:large, max-video-preview:-1\" \/>\n<link rel=\"canonical\" href=\"https:\/\/drojograficas.com\/en\/nosotros\/\" \/>\n<meta property=\"og:locale\" content=\"en_US\" \/>\n<meta property=\"og:type\" content=\"article\" \/>\n<meta property=\"og:title\" content=\"Sobre nosotros | DRojo Gr\u00e1ficas\" \/>\n<meta property=\"og:description\" content=\"Soy Ana, una joven emprendedora con un sue\u00f1o por delante, montar mi propia copister\u00eda.\" \/>\n<meta property=\"og:url\" content=\"https:\/\/drojograficas.com\/en\/nosotros\/\" \/>\n<meta property=\"og:site_name\" content=\"DRojo Gr\u00e1ficas\" \/>\n<meta property=\"article:modified_time\" content=\"2025-03-21T20:58:49+00:00\" \/>\n<meta property=\"og:image\" content=\"https:\/\/drojograficas.com\/wp-content\/uploads\/2025\/03\/unsplash_376KN_ISplE-2.png\" \/>\n\t<meta property=\"og:image:width\" content=\"1098\" \/>\n\t<meta property=\"og:image:height\" content=\"703\" \/>\n\t<meta property=\"og:image:type\" content=\"image\/png\" \/>\n<meta name=\"twitter:card\" content=\"summary_large_image\" \/>\n<meta name=\"twitter:label1\" content=\"Est. reading time\" \/>\n\t<meta name=\"twitter:data1\" content=\"2 minutes\" \/>\n<script type=\"application\/ld+json\" class=\"yoast-schema-graph\">{\"@context\":\"https:\/\/schema.org\",\"@graph\":[{\"@type\":\"WebPage\",\"@id\":\"https:\/\/drojograficas.com\/nosotros\/\",\"url\":\"https:\/\/drojograficas.com\/nosotros\/\",\"name\":\"Sobre nosotros | DRojo Gr\u00e1ficas\",\"isPartOf\":{\"@id\":\"https:\/\/drojograficas.com\/#website\"},\"primaryImageOfPage\":{\"@id\":\"https:\/\/drojograficas.com\/nosotros\/#primaryimage\"},\"image\":{\"@id\":\"https:\/\/drojograficas.com\/nosotros\/#primaryimage\"},\"thumbnailUrl\":\"https:\/\/drojograficas.com\/wp-content\/uploads\/2025\/03\/unsplash_376KN_ISplE-2.png\",\"datePublished\":\"2025-03-13T22:26:53+00:00\",\"dateModified\":\"2025-03-21T20:58:49+00:00\",\"description\":\"Soy Ana, una joven emprendedora con un sue\u00f1o por delante, montar mi propia copister\u00eda.\",\"breadcrumb\":{\"@id\":\"https:\/\/drojograficas.com\/nosotros\/#breadcrumb\"},\"inLanguage\":\"en-US\",\"potentialAction\":[{\"@type\":\"ReadAction\",\"target\":[\"https:\/\/drojograficas.com\/nosotros\/\"]}]},{\"@type\":\"ImageObject\",\"inLanguage\":\"en-US\",\"@id\":\"https:\/\/drojograficas.com\/nosotros\/#primaryimage\",\"url\":\"https:\/\/drojograficas.com\/wp-content\/uploads\/2025\/03\/unsplash_376KN_ISplE-2.png\",\"contentUrl\":\"https:\/\/drojograficas.com\/wp-content\/uploads\/2025\/03\/unsplash_376KN_ISplE-2.png\"},{\"@type\":\"BreadcrumbList\",\"@id\":\"https:\/\/drojograficas.com\/nosotros\/#breadcrumb\",\"itemListElement\":[{\"@type\":\"ListItem\",\"position\":1,\"name\":\"Portada\",\"item\":\"https:\/\/drojograficas.com\/\"},{\"@type\":\"ListItem\",\"position\":2,\"name\":\"Sobre nosotros\"}]},{\"@type\":\"WebSite\",\"@id\":\"https:\/\/drojograficas.com\/#website\",\"url\":\"https:\/\/drojograficas.com\/\",\"name\":\"DRojo Gr\u00e1ficas\",\"description\":\"Imprime y personaliza todo lo que quieras al\",\"publisher\":{\"@id\":\"https:\/\/drojograficas.com\/#organization\"},\"potentialAction\":[{\"@type\":\"SearchAction\",\"target\":{\"@type\":\"EntryPoint\",\"urlTemplate\":\"https:\/\/drojograficas.com\/?s={search_term_string}\"},\"query-input\":{\"@type\":\"PropertyValueSpecification\",\"valueRequired\":true,\"valueName\":\"search_term_string\"}}],\"inLanguage\":\"en-US\"},{\"@type\":\"Organization\",\"@id\":\"https:\/\/drojograficas.com\/#organization\",\"name\":\"DRojo Gr\u00e1ficas\",\"url\":\"https:\/\/drojograficas.com\/\",\"logo\":{\"@type\":\"ImageObject\",\"inLanguage\":\"en-US\",\"@id\":\"https:\/\/drojograficas.com\/#\/schema\/logo\/image\/\",\"url\":\"https:\/\/drojograficas.com\/wp-content\/uploads\/2025\/03\/logo.svg\",\"contentUrl\":\"https:\/\/drojograficas.com\/wp-content\/uploads\/2025\/03\/logo.svg\",\"width\":186,\"height\":60,\"caption\":\"DRojo Gr\u00e1ficas\"},\"image\":{\"@id\":\"https:\/\/drojograficas.com\/#\/schema\/logo\/image\/\"}}]}<\/script>\n<!-- \/ Yoast SEO plugin. -->","yoast_head_json":{"title":"Sobre nosotros | DRojo Gr\u00e1ficas","description":"Soy Ana, una joven emprendedora con un sue\u00f1o por delante, montar mi propia copister\u00eda.","robots":{"index":"index","follow":"follow","max-snippet":"max-snippet:-1","max-image-preview":"max-image-preview:large","max-video-preview":"max-video-preview:-1"},"canonical":"https:\/\/drojograficas.com\/en\/nosotros\/","og_locale":"en_US","og_type":"article","og_title":"Sobre nosotros | DRojo Gr\u00e1ficas","og_description":"Soy Ana, una joven emprendedora con un sue\u00f1o por delante, montar mi propia copister\u00eda.","og_url":"https:\/\/drojograficas.com\/en\/nosotros\/","og_site_name":"DRojo Gr\u00e1ficas","article_modified_time":"2025-03-21T20:58:49+00:00","og_image":[{"width":1098,"height":703,"url":"https:\/\/drojograficas.com\/wp-content\/uploads\/2025\/03\/unsplash_376KN_ISplE-2.png","type":"image\/png"}],"twitter_card":"summary_large_image","twitter_misc":{"Est. reading time":"2 minutes"},"schema":{"@context":"https:\/\/schema.org","@graph":[{"@type":"WebPage","@id":"https:\/\/drojograficas.com\/nosotros\/","url":"https:\/\/drojograficas.com\/nosotros\/","name":"Sobre nosotros | DRojo Gr\u00e1ficas","isPartOf":{"@id":"https:\/\/drojograficas.com\/#website"},"primaryImageOfPage":{"@id":"https:\/\/drojograficas.com\/nosotros\/#primaryimage"},"image":{"@id":"https:\/\/drojograficas.com\/nosotros\/#primaryimage"},"thumbnailUrl":"https:\/\/drojograficas.com\/wp-content\/uploads\/2025\/03\/unsplash_376KN_ISplE-2.png","datePublished":"2025-03-13T22:26:53+00:00","dateModified":"2025-03-21T20:58:49+00:00","description":"Soy Ana, una joven emprendedora con un sue\u00f1o por delante, montar mi propia copister\u00eda.","breadcrumb":{"@id":"https:\/\/drojograficas.com\/nosotros\/#breadcrumb"},"inLanguage":"en-US","potentialAction":[{"@type":"ReadAction","target":["https:\/\/drojograficas.com\/nosotros\/"]}]},{"@type":"ImageObject","inLanguage":"en-US","@id":"https:\/\/drojograficas.com\/nosotros\/#primaryimage","url":"https:\/\/drojograficas.com\/wp-content\/uploads\/2025\/03\/unsplash_376KN_ISplE-2.png","contentUrl":"https:\/\/drojograficas.com\/wp-content\/uploads\/2025\/03\/unsplash_376KN_ISplE-2.png"},{"@type":"BreadcrumbList","@id":"https:\/\/drojograficas.com\/nosotros\/#breadcrumb","itemListElement":[{"@type":"ListItem","position":1,"name":"Portada","item":"https:\/\/drojograficas.com\/"},{"@type":"ListItem","position":2,"name":"Sobre nosotros"}]},{"@type":"WebSite","@id":"https:\/\/drojograficas.com\/#website","url":"https:\/\/drojograficas.com\/","name":"DRojo Gr\u00e1ficas","description":"Imprime y personaliza todo lo que quieras al","publisher":{"@id":"https:\/\/drojograficas.com\/#organization"},"potentialAction":[{"@type":"SearchAction","target":{"@type":"EntryPoint","urlTemplate":"https:\/\/drojograficas.com\/?s={search_term_string}"},"query-input":{"@type":"PropertyValueSpecification","valueRequired":true,"valueName":"search_term_string"}}],"inLanguage":"en-US"},{"@type":"Organization","@id":"https:\/\/drojograficas.com\/#organization","name":"DRojo Gr\u00e1ficas","url":"https:\/\/drojograficas.com\/","logo":{"@type":"ImageObject","inLanguage":"en-US","@id":"https:\/\/drojograficas.com\/#\/schema\/logo\/image\/","url":"https:\/\/drojograficas.com\/wp-content\/uploads\/2025\/03\/logo.svg","contentUrl":"https:\/\/drojograficas.com\/wp-content\/uploads\/2025\/03\/logo.svg","width":186,"height":60,"caption":"DRojo Gr\u00e1ficas"},"image":{"@id":"https:\/\/drojograficas.com\/#\/schema\/logo\/image\/"}}]}},"_links":{"self":[{"href":"https:\/\/drojograficas.com\/en\/wp-json\/wp\/v2\/pages\/12","targetHints":{"allow":["GET"]}}],"collection":[{"href":"https:\/\/drojograficas.com\/en\/wp-json\/wp\/v2\/pages"}],"about":[{"href":"https:\/\/drojograficas.com\/en\/wp-json\/wp\/v2\/types\/page"}],"author":[{"embeddable":true,"href":"https:\/\/drojograficas.com\/en\/wp-json\/wp\/v2\/users\/2"}],"replies":[{"embeddable":true,"href":"https:\/\/drojograficas.com\/en\/wp-json\/wp\/v2\/comments?post=12"}],"version-history":[{"count":164,"href":"https:\/\/drojograficas.com\/en\/wp-json\/wp\/v2\/pages\/12\/revisions"}],"predecessor-version":[{"id":912,"href":"https:\/\/drojograficas.com\/en\/wp-json\/wp\/v2\/pages\/12\/revisions\/912"}],"wp:attachment":[{"href":"https:\/\/drojograficas.com\/en\/wp-json\/wp\/v2\/media?parent=12"}],"curies":[{"name":"wp","href":"https:\/\/api.w.org\/{rel}","templated":true}]}}