{"id":3,"date":"2025-02-12T10:43:26","date_gmt":"2025-02-12T10:43:26","guid":{"rendered":"https:\/\/drojograficas.com\/?page_id=3"},"modified":"2025-10-21T07:34:43","modified_gmt":"2025-10-21T07:34:43","slug":"politica-de-privacidad","status":"publish","type":"page","link":"https:\/\/drojograficas.com\/en\/politica-de-privacidad\/","title":{"rendered":"Pol\u00edtica de Privacidad"},"content":{"rendered":"<div data-elementor-type=\"wp-page\" data-elementor-id=\"3\" class=\"elementor elementor-3\" data-elementor-post-type=\"page\">\n\t\t\t\t<div class=\"elementor-element elementor-element-577757fb e-flex e-con-boxed e-con e-parent\" data-id=\"577757fb\" data-element_type=\"container\">\n\t\t\t\t\t<div class=\"e-con-inner\">\n\t\t\t\t<div class=\"elementor-element elementor-element-b411c85 elementor-widget elementor-widget-spacer\" data-id=\"b411c85\" data-element_type=\"widget\" data-widget_type=\"spacer.default\">\n\t\t\t\t<div class=\"elementor-widget-container\">\n\t\t\t\t\t\t\t<div class=\"elementor-spacer\">\n\t\t\t<div class=\"elementor-spacer-inner\"><\/div>\n\t\t<\/div>\n\t\t\t\t\t\t<\/div>\n\t\t\t\t<\/div>\n\t\t\t\t<div class=\"elementor-element elementor-element-eabb027 elementor-widget elementor-widget-heading\" data-id=\"eabb027\" data-element_type=\"widget\" data-widget_type=\"heading.default\">\n\t\t\t\t<div class=\"elementor-widget-container\">\n\t\t\t\t\t<h2 class=\"elementor-heading-title elementor-size-default\">Pol\u00edtica de privacidad<\/h2>\t\t\t\t<\/div>\n\t\t\t\t<\/div>\n\t\t\t\t<div class=\"elementor-element elementor-element-4ad3bfb0 elementor-widget elementor-widget-text-editor\" data-id=\"4ad3bfb0\" data-element_type=\"widget\" data-widget_type=\"text-editor.default\">\n\t\t\t\t<div class=\"elementor-widget-container\">\n\t\t\t\t\t\t\t\t\t<p><strong>\u00bfQui\u00e9n es el Responsable del tratamiento de sus datos?<\/strong><span style=\"font-weight: 400;\"><br \/><\/span><span style=\"font-weight: 400;\"><br \/><\/span><span style=\"font-weight: 400;\">Identidad: Ana Mar\u00eda Herrera Garrido (en adelante, \u201cD&#8217;Rojo gr\u00e1ficas\u201d)<\/span><span style=\"font-weight: 400;\"><br \/><\/span><span style=\"font-weight: 400;\">CIF: 26505639W<\/span><span style=\"font-weight: 400;\"><br \/><\/span><span style=\"font-weight: 400;\">Direcci\u00f3n postal: Calle Eisman Higueras 23, 23230 Arquillos (Ja\u00e9n, Espa\u00f1a)<\/span><span style=\"font-weight: 400;\"><br \/><\/span><span style=\"font-weight: 400;\">Correo electr\u00f3nico: aherreragarrido329@gmail.com<\/span><span style=\"font-weight: 400;\"><br \/><\/span><span style=\"font-weight: 400;\">Tel\u00e9fono: +34 658 106 217<\/span><span style=\"font-weight: 400;\"><br \/><\/span><strong><br \/>\u00bfCon qu\u00e9 finalidad tratamos sus datos personales?<\/strong><span style=\"font-weight: 400;\"><br \/><\/span><span style=\"font-weight: 400;\">En D&#8217;Rojo gr\u00e1ficas tratamos la informaci\u00f3n que nos facilitan las personas interesadas con el fin de promocionar los servicios gr\u00e1ficos y de impresi\u00f3n de la web propiedad de D&#8217;Rojo gr\u00e1ficas y mantener contacto directo por correo electr\u00f3nico o llamada telef\u00f3nica.<\/span><span style=\"font-weight: 400;\"><br \/><\/span><span style=\"font-weight: 400;\">Tambi\u00e9n tratamos la informaci\u00f3n facilitada para la ejecuci\u00f3n de contratos de prestaci\u00f3n de servicios o trabajos realizados por D&#8217;Rojo gr\u00e1ficas, cuando se den estos casos.<\/span><span style=\"font-weight: 400;\"><br \/><\/span><span style=\"font-weight: 400;\">Con el fin de poder ofrecerle servicios de acuerdo con sus intereses, podremos crear un \u201cperfil comercial\u201d, en base a la informaci\u00f3n facilitada. No se tomar\u00e1n decisiones automatizadas en base a dicho perfil.<\/span><span style=\"font-weight: 400;\"><br \/><\/span><strong><br \/>\u00bfPor cu\u00e1nto tiempo conservaremos sus datos?<\/strong><span style=\"font-weight: 400;\"><br \/><\/span><span style=\"font-weight: 400;\">Los datos personales proporcionados se conservar\u00e1n mientras se mantenga la relaci\u00f3n profesional o no se solicite su supresi\u00f3n por el interesado, y durante un plazo m\u00e1ximo de dos a\u00f1os a partir de la \u00faltima confirmaci\u00f3n de inter\u00e9s.<\/span><span style=\"font-weight: 400;\"><br \/><\/span><span style=\"font-weight: 400;\"><br \/><\/span><strong>\u00bfCu\u00e1l es la legitimaci\u00f3n para el tratamiento de sus datos?<\/strong><span style=\"font-weight: 400;\"><br \/><\/span><span style=\"font-weight: 400;\">La base legal para el tratamiento de sus datos es la ejecuci\u00f3n del contrato de prestaci\u00f3n de servicios solicitado por el interesado, seg\u00fan los t\u00e9rminos acordados con D&#8217;Rojo gr\u00e1ficas.<\/span><span style=\"font-weight: 400;\"><br \/><\/span><span style=\"font-weight: 400;\">El env\u00edo de comunicaciones informativas o boletines relativos a los servicios ofrecidos por D&#8217;Rojo gr\u00e1ficas se basa en el consentimiento que se solicita expresamente, sin que en ning\u00fan caso la retirada de dicho consentimiento condicione la ejecuci\u00f3n de los servicios contratados.<\/span><span style=\"font-weight: 400;\"><br \/><\/span><span style=\"font-weight: 400;\"><br \/><\/span><strong>\u00bfA qu\u00e9 destinatarios se comunicar\u00e1n sus datos?<\/strong><span style=\"font-weight: 400;\"><br \/><\/span><span style=\"font-weight: 400;\">D&#8217;Rojo gr\u00e1ficas no comunicar\u00e1 sus datos personales a ninguna entidad, salvo obligaci\u00f3n legal o requerimiento judicial.<\/span><span style=\"font-weight: 400;\"><br \/><\/span><span style=\"font-weight: 400;\"><br \/><\/span><strong>\u00bfCu\u00e1les son sus derechos cuando nos facilita sus datos?<\/strong><span style=\"font-weight: 400;\"><br \/><\/span><span style=\"font-weight: 400;\">Cualquier persona tiene derecho a obtener confirmaci\u00f3n sobre si en D&#8217;Rojo gr\u00e1ficas estamos tratando datos personales que le conciernan, o no.<\/span><span style=\"font-weight: 400;\"><br \/><\/span><span style=\"font-weight: 400;\">Las personas interesadas tienen derecho a acceder a sus datos personales, solicitar la rectificaci\u00f3n de los datos inexactos, solicitar su supresi\u00f3n cuando ya no sean necesarios para los fines recogidos, solicitar la limitaci\u00f3n del tratamiento, oponerse al tratamiento por motivos relacionados con su situaci\u00f3n particular, y solicitar la portabilidad de sus datos personales.<\/span><span style=\"font-weight: 400;\"><br \/><\/span><span style=\"font-weight: 400;\">El interesado podr\u00e1 ejercer estos derechos mediante el env\u00edo de una solicitud al correo electr\u00f3nico: aherreragarrido329@gmail.com.<\/span><span style=\"font-weight: 400;\"><br \/><\/span><span style=\"font-weight: 400;\">Asimismo, podr\u00e1 presentar una reclamaci\u00f3n ante la Autoridad de Control en materia de Protecci\u00f3n de Datos (Agencia Espa\u00f1ola de Protecci\u00f3n de Datos, www.aepd.es).<\/span><span style=\"font-weight: 400;\"><br \/><\/span><strong><br \/>Derecho a retirar el consentimiento<\/strong><span style=\"font-weight: 400;\"><br \/><\/span><span style=\"font-weight: 400;\">El interesado tiene derecho a retirar el consentimiento concedido para recibir informaci\u00f3n comercial en cualquier momento, sin que ello afecte a la licitud del tratamiento basado en el consentimiento previo a su retirada.<\/span><\/p>\t\t\t\t\t\t\t\t<\/div>\n\t\t\t\t<\/div>\n\t\t\t\t\t<\/div>\n\t\t\t\t<\/div>\n\t\t\t\t<\/div>","protected":false},"excerpt":{"rendered":"<p>Pol\u00edtica de privacidad \u00bfQui\u00e9n es el Responsable del tratamiento de sus datos? Identidad: Ana Mar\u00eda Herrera Garrido (en adelante, \u201cD&#8217;Rojo gr\u00e1ficas\u201d)CIF: 26505639WDirecci\u00f3n postal: Calle Eisman Higueras 23, 23230 Arquillos (Ja\u00e9n, Espa\u00f1a)Correo electr\u00f3nico: aherreragarrido329@gmail.comTel\u00e9fono: +34 658 106 217\u00bfCon qu\u00e9 finalidad tratamos sus datos personales?En D&#8217;Rojo gr\u00e1ficas tratamos la informaci\u00f3n que nos facilitan las personas interesadas con [&hellip;]<\/p>","protected":false},"author":1,"featured_media":0,"parent":0,"menu_order":0,"comment_status":"closed","ping_status":"closed","template":"","meta":{"_joinchat":[],"footnotes":""},"class_list":["post-3","page","type-page","status-publish","hentry"],"yoast_head":"<!-- This site is optimized with the Yoast SEO plugin v26.1.1 - https:\/\/yoast.com\/wordpress\/plugins\/seo\/ -->\n<title>Pol\u00edtica de Privacidad | DRojo Gr\u00e1ficas<\/title>\n<meta name=\"robots\" content=\"index, follow, max-snippet:-1, max-image-preview:large, max-video-preview:-1\" \/>\n<link rel=\"canonical\" href=\"https:\/\/drojograficas.com\/en\/politica-de-privacidad\/\" \/>\n<meta property=\"og:locale\" content=\"en_US\" \/>\n<meta property=\"og:type\" content=\"article\" \/>\n<meta property=\"og:title\" content=\"Pol\u00edtica de Privacidad | DRojo Gr\u00e1ficas\" \/>\n<meta property=\"og:description\" content=\"Pol\u00edtica de privacidad \u00bfQui\u00e9n es el Responsable del tratamiento de sus datos? Identidad: Ana Mar\u00eda Herrera Garrido (en adelante, \u201cD&#8217;Rojo gr\u00e1ficas\u201d)CIF: 26505639WDirecci\u00f3n postal: Calle Eisman Higueras 23, 23230 Arquillos (Ja\u00e9n, Espa\u00f1a)Correo electr\u00f3nico: aherreragarrido329@gmail.comTel\u00e9fono: +34 658 106 217\u00bfCon qu\u00e9 finalidad tratamos sus datos personales?En D&#8217;Rojo gr\u00e1ficas tratamos la informaci\u00f3n que nos facilitan las personas interesadas con [&hellip;]\" \/>\n<meta property=\"og:url\" content=\"https:\/\/drojograficas.com\/en\/politica-de-privacidad\/\" \/>\n<meta property=\"og:site_name\" content=\"DRojo Gr\u00e1ficas\" \/>\n<meta property=\"article:modified_time\" content=\"2025-10-21T07:34:43+00:00\" \/>\n<meta name=\"twitter:card\" content=\"summary_large_image\" \/>\n<meta name=\"twitter:label1\" content=\"Est. reading time\" \/>\n\t<meta name=\"twitter:data1\" content=\"3 minutes\" \/>\n<script type=\"application\/ld+json\" class=\"yoast-schema-graph\">{\"@context\":\"https:\/\/schema.org\",\"@graph\":[{\"@type\":\"WebPage\",\"@id\":\"https:\/\/drojograficas.com\/politica-de-privacidad\/\",\"url\":\"https:\/\/drojograficas.com\/politica-de-privacidad\/\",\"name\":\"Pol\u00edtica de Privacidad | DRojo Gr\u00e1ficas\",\"isPartOf\":{\"@id\":\"https:\/\/drojograficas.com\/#website\"},\"datePublished\":\"2025-02-12T10:43:26+00:00\",\"dateModified\":\"2025-10-21T07:34:43+00:00\",\"breadcrumb\":{\"@id\":\"https:\/\/drojograficas.com\/politica-de-privacidad\/#breadcrumb\"},\"inLanguage\":\"en-US\",\"potentialAction\":[{\"@type\":\"ReadAction\",\"target\":[\"https:\/\/drojograficas.com\/politica-de-privacidad\/\"]}]},{\"@type\":\"BreadcrumbList\",\"@id\":\"https:\/\/drojograficas.com\/politica-de-privacidad\/#breadcrumb\",\"itemListElement\":[{\"@type\":\"ListItem\",\"position\":1,\"name\":\"Portada\",\"item\":\"https:\/\/drojograficas.com\/\"},{\"@type\":\"ListItem\",\"position\":2,\"name\":\"Pol\u00edtica de Privacidad\"}]},{\"@type\":\"WebSite\",\"@id\":\"https:\/\/drojograficas.com\/#website\",\"url\":\"https:\/\/drojograficas.com\/\",\"name\":\"DRojo Gr\u00e1ficas\",\"description\":\"Imprime y personaliza todo lo que quieras al\",\"publisher\":{\"@id\":\"https:\/\/drojograficas.com\/#organization\"},\"potentialAction\":[{\"@type\":\"SearchAction\",\"target\":{\"@type\":\"EntryPoint\",\"urlTemplate\":\"https:\/\/drojograficas.com\/?s={search_term_string}\"},\"query-input\":{\"@type\":\"PropertyValueSpecification\",\"valueRequired\":true,\"valueName\":\"search_term_string\"}}],\"inLanguage\":\"en-US\"},{\"@type\":\"Organization\",\"@id\":\"https:\/\/drojograficas.com\/#organization\",\"name\":\"DRojo Gr\u00e1ficas\",\"url\":\"https:\/\/drojograficas.com\/\",\"logo\":{\"@type\":\"ImageObject\",\"inLanguage\":\"en-US\",\"@id\":\"https:\/\/drojograficas.com\/#\/schema\/logo\/image\/\",\"url\":\"https:\/\/drojograficas.com\/wp-content\/uploads\/2025\/03\/logo.svg\",\"contentUrl\":\"https:\/\/drojograficas.com\/wp-content\/uploads\/2025\/03\/logo.svg\",\"width\":186,\"height\":60,\"caption\":\"DRojo Gr\u00e1ficas\"},\"image\":{\"@id\":\"https:\/\/drojograficas.com\/#\/schema\/logo\/image\/\"}}]}<\/script>\n<!-- \/ Yoast SEO plugin. -->","yoast_head_json":{"title":"Pol\u00edtica de Privacidad | DRojo Gr\u00e1ficas","robots":{"index":"index","follow":"follow","max-snippet":"max-snippet:-1","max-image-preview":"max-image-preview:large","max-video-preview":"max-video-preview:-1"},"canonical":"https:\/\/drojograficas.com\/en\/politica-de-privacidad\/","og_locale":"en_US","og_type":"article","og_title":"Pol\u00edtica de Privacidad | DRojo Gr\u00e1ficas","og_description":"Pol\u00edtica de privacidad \u00bfQui\u00e9n es el Responsable del tratamiento de sus datos? Identidad: Ana Mar\u00eda Herrera Garrido (en adelante, \u201cD&#8217;Rojo gr\u00e1ficas\u201d)CIF: 26505639WDirecci\u00f3n postal: Calle Eisman Higueras 23, 23230 Arquillos (Ja\u00e9n, Espa\u00f1a)Correo electr\u00f3nico: aherreragarrido329@gmail.comTel\u00e9fono: +34 658 106 217\u00bfCon qu\u00e9 finalidad tratamos sus datos personales?En D&#8217;Rojo gr\u00e1ficas tratamos la informaci\u00f3n que nos facilitan las personas interesadas con [&hellip;]","og_url":"https:\/\/drojograficas.com\/en\/politica-de-privacidad\/","og_site_name":"DRojo Gr\u00e1ficas","article_modified_time":"2025-10-21T07:34:43+00:00","twitter_card":"summary_large_image","twitter_misc":{"Est. reading time":"3 minutes"},"schema":{"@context":"https:\/\/schema.org","@graph":[{"@type":"WebPage","@id":"https:\/\/drojograficas.com\/politica-de-privacidad\/","url":"https:\/\/drojograficas.com\/politica-de-privacidad\/","name":"Pol\u00edtica de Privacidad | DRojo Gr\u00e1ficas","isPartOf":{"@id":"https:\/\/drojograficas.com\/#website"},"datePublished":"2025-02-12T10:43:26+00:00","dateModified":"2025-10-21T07:34:43+00:00","breadcrumb":{"@id":"https:\/\/drojograficas.com\/politica-de-privacidad\/#breadcrumb"},"inLanguage":"en-US","potentialAction":[{"@type":"ReadAction","target":["https:\/\/drojograficas.com\/politica-de-privacidad\/"]}]},{"@type":"BreadcrumbList","@id":"https:\/\/drojograficas.com\/politica-de-privacidad\/#breadcrumb","itemListElement":[{"@type":"ListItem","position":1,"name":"Portada","item":"https:\/\/drojograficas.com\/"},{"@type":"ListItem","position":2,"name":"Pol\u00edtica de Privacidad"}]},{"@type":"WebSite","@id":"https:\/\/drojograficas.com\/#website","url":"https:\/\/drojograficas.com\/","name":"DRojo Gr\u00e1ficas","description":"Imprime y personaliza todo lo que quieras al","publisher":{"@id":"https:\/\/drojograficas.com\/#organization"},"potentialAction":[{"@type":"SearchAction","target":{"@type":"EntryPoint","urlTemplate":"https:\/\/drojograficas.com\/?s={search_term_string}"},"query-input":{"@type":"PropertyValueSpecification","valueRequired":true,"valueName":"search_term_string"}}],"inLanguage":"en-US"},{"@type":"Organization","@id":"https:\/\/drojograficas.com\/#organization","name":"DRojo Gr\u00e1ficas","url":"https:\/\/drojograficas.com\/","logo":{"@type":"ImageObject","inLanguage":"en-US","@id":"https:\/\/drojograficas.com\/#\/schema\/logo\/image\/","url":"https:\/\/drojograficas.com\/wp-content\/uploads\/2025\/03\/logo.svg","contentUrl":"https:\/\/drojograficas.com\/wp-content\/uploads\/2025\/03\/logo.svg","width":186,"height":60,"caption":"DRojo Gr\u00e1ficas"},"image":{"@id":"https:\/\/drojograficas.com\/#\/schema\/logo\/image\/"}}]}},"_links":{"self":[{"href":"https:\/\/drojograficas.com\/en\/wp-json\/wp\/v2\/pages\/3","targetHints":{"allow":["GET"]}}],"collection":[{"href":"https:\/\/drojograficas.com\/en\/wp-json\/wp\/v2\/pages"}],"about":[{"href":"https:\/\/drojograficas.com\/en\/wp-json\/wp\/v2\/types\/page"}],"author":[{"embeddable":true,"href":"https:\/\/drojograficas.com\/en\/wp-json\/wp\/v2\/users\/1"}],"replies":[{"embeddable":true,"href":"https:\/\/drojograficas.com\/en\/wp-json\/wp\/v2\/comments?post=3"}],"version-history":[{"count":4,"href":"https:\/\/drojograficas.com\/en\/wp-json\/wp\/v2\/pages\/3\/revisions"}],"predecessor-version":[{"id":949,"href":"https:\/\/drojograficas.com\/en\/wp-json\/wp\/v2\/pages\/3\/revisions\/949"}],"wp:attachment":[{"href":"https:\/\/drojograficas.com\/en\/wp-json\/wp\/v2\/media?parent=3"}],"curies":[{"name":"wp","href":"https:\/\/api.w.org\/{rel}","templated":true}]}}