{"id":937,"date":"2025-10-21T07:26:43","date_gmt":"2025-10-21T07:26:43","guid":{"rendered":"https:\/\/drojograficas.com\/?page_id=937"},"modified":"2025-10-21T07:30:08","modified_gmt":"2025-10-21T07:30:08","slug":"aviso-legal","status":"publish","type":"page","link":"https:\/\/drojograficas.com\/en\/aviso-legal\/","title":{"rendered":"Aviso Legal"},"content":{"rendered":"<div data-elementor-type=\"wp-page\" data-elementor-id=\"937\" class=\"elementor elementor-937\" data-elementor-post-type=\"page\">\n\t\t\t\t<div class=\"elementor-element elementor-element-10f78da e-flex e-con-boxed e-con e-parent\" data-id=\"10f78da\" data-element_type=\"container\">\n\t\t\t\t\t<div class=\"e-con-inner\">\n\t\t\t\t<div class=\"elementor-element elementor-element-2d267f4 elementor-widget elementor-widget-spacer\" data-id=\"2d267f4\" data-element_type=\"widget\" data-widget_type=\"spacer.default\">\n\t\t\t\t<div class=\"elementor-widget-container\">\n\t\t\t\t\t\t\t<div class=\"elementor-spacer\">\n\t\t\t<div class=\"elementor-spacer-inner\"><\/div>\n\t\t<\/div>\n\t\t\t\t\t\t<\/div>\n\t\t\t\t<\/div>\n\t\t\t\t<div class=\"elementor-element elementor-element-a02ae45 elementor-widget elementor-widget-heading\" data-id=\"a02ae45\" data-element_type=\"widget\" data-widget_type=\"heading.default\">\n\t\t\t\t<div class=\"elementor-widget-container\">\n\t\t\t\t\t<h2 class=\"elementor-heading-title elementor-size-default\">Aviso legal<\/h2>\t\t\t\t<\/div>\n\t\t\t\t<\/div>\n\t\t\t\t<div class=\"elementor-element elementor-element-1c2c80e elementor-widget elementor-widget-text-editor\" data-id=\"1c2c80e\" data-element_type=\"widget\" data-widget_type=\"text-editor.default\">\n\t\t\t\t<div class=\"elementor-widget-container\">\n\t\t\t\t\t\t\t\t\t<p><span style=\"font-weight: 400;\">Representante: Ana Mar\u00eda Herrera Garrido (en adelante, D&#8217;Rojo gr\u00e1ficas)<\/span><\/p><p><span style=\"font-weight: 400;\">CIF: 26505639W<\/span><\/p><p><span style=\"font-weight: 400;\">Direcci\u00f3n postal: Calle Eisman Higueras 23, 23230 Arquillos (Ja\u00e9n, Espa\u00f1a)<\/span><\/p><p><span style=\"font-weight: 400;\">Tel\u00e9fono: 658 106 217<\/span><\/p><p><span style=\"font-weight: 400;\">Email: aherreragarrido329@gmail.com<\/span><\/p><p>\u00a0<\/p><p><span style=\"font-weight: 400;\">Objeto de la web: Informar a los usuarios de las actividades y proyectos de D&#8217;Rojo gr\u00e1ficas.<\/span><\/p><p>\u00a0<\/p><p><span style=\"font-weight: 400;\">El uso de esta Web por el usuario implica la aceptaci\u00f3n por su parte, plena y sin reservas, de las Condiciones de uso que se indican a continuaci\u00f3n.<\/span><\/p><p><span style=\"font-weight: 400;\">D&#8217;Rojo gr\u00e1ficas se reserva el derecho a actualizar, modificar o eliminar dichos t\u00e9rminos, que ser\u00e1n aplicables desde su publicaci\u00f3n, por lo que se recomienda que los usuarios consulten el contenido de la \u00faltima versi\u00f3n de manera peri\u00f3dica.<\/span><\/p>\t\t\t\t\t\t\t\t<\/div>\n\t\t\t\t<\/div>\n\t\t\t\t\t<\/div>\n\t\t\t\t<\/div>\n\t\t\t\t<\/div>","protected":false},"excerpt":{"rendered":"<p>Aviso legal Representante: Ana Mar\u00eda Herrera Garrido (en adelante, D&#8217;Rojo gr\u00e1ficas) CIF: 26505639W Direcci\u00f3n postal: Calle Eisman Higueras 23, 23230 Arquillos (Ja\u00e9n, Espa\u00f1a) Tel\u00e9fono: 658 106 217 Email: aherreragarrido329@gmail.com \u00a0 Objeto de la web: Informar a los usuarios de las actividades y proyectos de D&#8217;Rojo gr\u00e1ficas. \u00a0 El uso de esta Web por el usuario [&hellip;]<\/p>","protected":false},"author":2,"featured_media":0,"parent":0,"menu_order":0,"comment_status":"closed","ping_status":"closed","template":"","meta":{"_joinchat":[],"footnotes":""},"class_list":["post-937","page","type-page","status-publish","hentry"],"yoast_head":"<!-- This site is optimized with the Yoast SEO plugin v26.1.1 - https:\/\/yoast.com\/wordpress\/plugins\/seo\/ -->\n<title>Aviso Legal | DRojo Gr\u00e1ficas<\/title>\n<meta name=\"robots\" content=\"index, follow, max-snippet:-1, max-image-preview:large, max-video-preview:-1\" \/>\n<link rel=\"canonical\" href=\"https:\/\/drojograficas.com\/en\/aviso-legal\/\" \/>\n<meta property=\"og:locale\" content=\"en_US\" \/>\n<meta property=\"og:type\" content=\"article\" \/>\n<meta property=\"og:title\" content=\"Aviso Legal | DRojo Gr\u00e1ficas\" \/>\n<meta property=\"og:description\" content=\"Aviso legal Representante: Ana Mar\u00eda Herrera Garrido (en adelante, D&#8217;Rojo gr\u00e1ficas) CIF: 26505639W Direcci\u00f3n postal: Calle Eisman Higueras 23, 23230 Arquillos (Ja\u00e9n, Espa\u00f1a) Tel\u00e9fono: 658 106 217 Email: aherreragarrido329@gmail.com \u00a0 Objeto de la web: Informar a los usuarios de las actividades y proyectos de D&#8217;Rojo gr\u00e1ficas. \u00a0 El uso de esta Web por el usuario [&hellip;]\" \/>\n<meta property=\"og:url\" content=\"https:\/\/drojograficas.com\/en\/aviso-legal\/\" \/>\n<meta property=\"og:site_name\" content=\"DRojo Gr\u00e1ficas\" \/>\n<meta property=\"article:modified_time\" content=\"2025-10-21T07:30:08+00:00\" \/>\n<meta name=\"twitter:card\" content=\"summary_large_image\" \/>\n<meta name=\"twitter:label1\" content=\"Est. reading time\" \/>\n\t<meta name=\"twitter:data1\" content=\"1 minute\" \/>\n<script type=\"application\/ld+json\" class=\"yoast-schema-graph\">{\"@context\":\"https:\/\/schema.org\",\"@graph\":[{\"@type\":\"WebPage\",\"@id\":\"https:\/\/drojograficas.com\/aviso-legal\/\",\"url\":\"https:\/\/drojograficas.com\/aviso-legal\/\",\"name\":\"Aviso Legal | DRojo Gr\u00e1ficas\",\"isPartOf\":{\"@id\":\"https:\/\/drojograficas.com\/#website\"},\"datePublished\":\"2025-10-21T07:26:43+00:00\",\"dateModified\":\"2025-10-21T07:30:08+00:00\",\"breadcrumb\":{\"@id\":\"https:\/\/drojograficas.com\/aviso-legal\/#breadcrumb\"},\"inLanguage\":\"en-US\",\"potentialAction\":[{\"@type\":\"ReadAction\",\"target\":[\"https:\/\/drojograficas.com\/aviso-legal\/\"]}]},{\"@type\":\"BreadcrumbList\",\"@id\":\"https:\/\/drojograficas.com\/aviso-legal\/#breadcrumb\",\"itemListElement\":[{\"@type\":\"ListItem\",\"position\":1,\"name\":\"Portada\",\"item\":\"https:\/\/drojograficas.com\/\"},{\"@type\":\"ListItem\",\"position\":2,\"name\":\"Aviso Legal\"}]},{\"@type\":\"WebSite\",\"@id\":\"https:\/\/drojograficas.com\/#website\",\"url\":\"https:\/\/drojograficas.com\/\",\"name\":\"DRojo Gr\u00e1ficas\",\"description\":\"Imprime y personaliza todo lo que quieras al\",\"publisher\":{\"@id\":\"https:\/\/drojograficas.com\/#organization\"},\"potentialAction\":[{\"@type\":\"SearchAction\",\"target\":{\"@type\":\"EntryPoint\",\"urlTemplate\":\"https:\/\/drojograficas.com\/?s={search_term_string}\"},\"query-input\":{\"@type\":\"PropertyValueSpecification\",\"valueRequired\":true,\"valueName\":\"search_term_string\"}}],\"inLanguage\":\"en-US\"},{\"@type\":\"Organization\",\"@id\":\"https:\/\/drojograficas.com\/#organization\",\"name\":\"DRojo Gr\u00e1ficas\",\"url\":\"https:\/\/drojograficas.com\/\",\"logo\":{\"@type\":\"ImageObject\",\"inLanguage\":\"en-US\",\"@id\":\"https:\/\/drojograficas.com\/#\/schema\/logo\/image\/\",\"url\":\"https:\/\/drojograficas.com\/wp-content\/uploads\/2025\/03\/logo.svg\",\"contentUrl\":\"https:\/\/drojograficas.com\/wp-content\/uploads\/2025\/03\/logo.svg\",\"width\":186,\"height\":60,\"caption\":\"DRojo Gr\u00e1ficas\"},\"image\":{\"@id\":\"https:\/\/drojograficas.com\/#\/schema\/logo\/image\/\"}}]}<\/script>\n<!-- \/ Yoast SEO plugin. -->","yoast_head_json":{"title":"Aviso Legal | DRojo Gr\u00e1ficas","robots":{"index":"index","follow":"follow","max-snippet":"max-snippet:-1","max-image-preview":"max-image-preview:large","max-video-preview":"max-video-preview:-1"},"canonical":"https:\/\/drojograficas.com\/en\/aviso-legal\/","og_locale":"en_US","og_type":"article","og_title":"Aviso Legal | DRojo Gr\u00e1ficas","og_description":"Aviso legal Representante: Ana Mar\u00eda Herrera Garrido (en adelante, D&#8217;Rojo gr\u00e1ficas) CIF: 26505639W Direcci\u00f3n postal: Calle Eisman Higueras 23, 23230 Arquillos (Ja\u00e9n, Espa\u00f1a) Tel\u00e9fono: 658 106 217 Email: aherreragarrido329@gmail.com \u00a0 Objeto de la web: Informar a los usuarios de las actividades y proyectos de D&#8217;Rojo gr\u00e1ficas. \u00a0 El uso de esta Web por el usuario [&hellip;]","og_url":"https:\/\/drojograficas.com\/en\/aviso-legal\/","og_site_name":"DRojo Gr\u00e1ficas","article_modified_time":"2025-10-21T07:30:08+00:00","twitter_card":"summary_large_image","twitter_misc":{"Est. reading time":"1 minute"},"schema":{"@context":"https:\/\/schema.org","@graph":[{"@type":"WebPage","@id":"https:\/\/drojograficas.com\/aviso-legal\/","url":"https:\/\/drojograficas.com\/aviso-legal\/","name":"Aviso Legal | DRojo Gr\u00e1ficas","isPartOf":{"@id":"https:\/\/drojograficas.com\/#website"},"datePublished":"2025-10-21T07:26:43+00:00","dateModified":"2025-10-21T07:30:08+00:00","breadcrumb":{"@id":"https:\/\/drojograficas.com\/aviso-legal\/#breadcrumb"},"inLanguage":"en-US","potentialAction":[{"@type":"ReadAction","target":["https:\/\/drojograficas.com\/aviso-legal\/"]}]},{"@type":"BreadcrumbList","@id":"https:\/\/drojograficas.com\/aviso-legal\/#breadcrumb","itemListElement":[{"@type":"ListItem","position":1,"name":"Portada","item":"https:\/\/drojograficas.com\/"},{"@type":"ListItem","position":2,"name":"Aviso Legal"}]},{"@type":"WebSite","@id":"https:\/\/drojograficas.com\/#website","url":"https:\/\/drojograficas.com\/","name":"DRojo Gr\u00e1ficas","description":"Imprime y personaliza todo lo que quieras al","publisher":{"@id":"https:\/\/drojograficas.com\/#organization"},"potentialAction":[{"@type":"SearchAction","target":{"@type":"EntryPoint","urlTemplate":"https:\/\/drojograficas.com\/?s={search_term_string}"},"query-input":{"@type":"PropertyValueSpecification","valueRequired":true,"valueName":"search_term_string"}}],"inLanguage":"en-US"},{"@type":"Organization","@id":"https:\/\/drojograficas.com\/#organization","name":"DRojo Gr\u00e1ficas","url":"https:\/\/drojograficas.com\/","logo":{"@type":"ImageObject","inLanguage":"en-US","@id":"https:\/\/drojograficas.com\/#\/schema\/logo\/image\/","url":"https:\/\/drojograficas.com\/wp-content\/uploads\/2025\/03\/logo.svg","contentUrl":"https:\/\/drojograficas.com\/wp-content\/uploads\/2025\/03\/logo.svg","width":186,"height":60,"caption":"DRojo Gr\u00e1ficas"},"image":{"@id":"https:\/\/drojograficas.com\/#\/schema\/logo\/image\/"}}]}},"_links":{"self":[{"href":"https:\/\/drojograficas.com\/en\/wp-json\/wp\/v2\/pages\/937","targetHints":{"allow":["GET"]}}],"collection":[{"href":"https:\/\/drojograficas.com\/en\/wp-json\/wp\/v2\/pages"}],"about":[{"href":"https:\/\/drojograficas.com\/en\/wp-json\/wp\/v2\/types\/page"}],"author":[{"embeddable":true,"href":"https:\/\/drojograficas.com\/en\/wp-json\/wp\/v2\/users\/2"}],"replies":[{"embeddable":true,"href":"https:\/\/drojograficas.com\/en\/wp-json\/wp\/v2\/comments?post=937"}],"version-history":[{"count":8,"href":"https:\/\/drojograficas.com\/en\/wp-json\/wp\/v2\/pages\/937\/revisions"}],"predecessor-version":[{"id":945,"href":"https:\/\/drojograficas.com\/en\/wp-json\/wp\/v2\/pages\/937\/revisions\/945"}],"wp:attachment":[{"href":"https:\/\/drojograficas.com\/en\/wp-json\/wp\/v2\/media?parent=937"}],"curies":[{"name":"wp","href":"https:\/\/api.w.org\/{rel}","templated":true}]}}