{"id":950,"date":"2025-10-21T07:35:08","date_gmt":"2025-10-21T07:35:08","guid":{"rendered":"https:\/\/drojograficas.com\/?page_id=950"},"modified":"2025-10-21T07:39:12","modified_gmt":"2025-10-21T07:39:12","slug":"terminos-y-condiciones","status":"publish","type":"page","link":"https:\/\/drojograficas.com\/en\/terminos-y-condiciones\/","title":{"rendered":"T\u00e9rminos y Condiciones"},"content":{"rendered":"<div data-elementor-type=\"wp-page\" data-elementor-id=\"950\" class=\"elementor elementor-950\" data-elementor-post-type=\"page\">\n\t\t\t\t<div class=\"elementor-element elementor-element-3d661f7 e-flex e-con-boxed e-con e-parent\" data-id=\"3d661f7\" data-element_type=\"container\">\n\t\t\t\t\t<div class=\"e-con-inner\">\n\t\t\t\t<div class=\"elementor-element elementor-element-944b940 elementor-widget elementor-widget-spacer\" data-id=\"944b940\" data-element_type=\"widget\" data-widget_type=\"spacer.default\">\n\t\t\t\t<div class=\"elementor-widget-container\">\n\t\t\t\t\t\t\t<div class=\"elementor-spacer\">\n\t\t\t<div class=\"elementor-spacer-inner\"><\/div>\n\t\t<\/div>\n\t\t\t\t\t\t<\/div>\n\t\t\t\t<\/div>\n\t\t\t\t<div class=\"elementor-element elementor-element-884997c elementor-widget elementor-widget-heading\" data-id=\"884997c\" data-element_type=\"widget\" data-widget_type=\"heading.default\">\n\t\t\t\t<div class=\"elementor-widget-container\">\n\t\t\t\t\t<h2 class=\"elementor-heading-title elementor-size-default\">T\u00e9rminos y Condiciones<\/h2>\t\t\t\t<\/div>\n\t\t\t\t<\/div>\n\t\t\t\t<div class=\"elementor-element elementor-element-cffeab4 elementor-widget elementor-widget-text-editor\" data-id=\"cffeab4\" data-element_type=\"widget\" data-widget_type=\"text-editor.default\">\n\t\t\t\t<div class=\"elementor-widget-container\">\n\t\t\t\t\t\t\t\t\t<p><span style=\"font-weight: 400;\">Este contrato describe los t\u00e9rminos y condiciones generales aplicables al uso de los contenidos, productos y servicios ofrecidos a trav\u00e9s del sitio D&#8217;Rojo gr\u00e1ficas, del cual es titular Ana Mar\u00eda Herrera Garrido.<\/span><span style=\"font-weight: 400;\"><br \/><\/span><span style=\"font-weight: 400;\"><br \/><\/span><span style=\"font-weight: 400;\">1. INFORMACI\u00d3N RELEVANTE<\/span><span style=\"font-weight: 400;\"><br \/><\/span><span style=\"font-weight: 400;\"><br \/><\/span><span style=\"font-weight: 400;\">Es requisito necesario para la adquisici\u00f3n de los productos que se ofrecen en este sitio que lea y acepte los siguientes T\u00e9rminos y Condiciones que a continuaci\u00f3n se detallan.<\/span><span style=\"font-weight: 400;\"><br \/><\/span><span style=\"font-weight: 400;\"><br \/><\/span><span style=\"font-weight: 400;\">1.1. El uso de nuestros servicios, as\u00ed como la compra de nuestros productos, implicar\u00e1 que usted ha le\u00eddo y aceptado los T\u00e9rminos y Condiciones de Uso en el presente documento. Todos los productos que son ofrecidos por nuestro sitio web pudieran ser creados, cobrados, enviados o presentados por una p\u00e1gina web tercera y, en tal caso, estar\u00edan sujetos a sus propios T\u00e9rminos y Condiciones.<\/span><span style=\"font-weight: 400;\"><br \/><\/span><span style=\"font-weight: 400;\"><br \/><\/span><span style=\"font-weight: 400;\">1.2. En algunos casos, para adquirir un producto ser\u00e1 necesario el registro por parte del usuario, con ingreso de datos personales fidedignos y definici\u00f3n de una contrase\u00f1a. El usuario puede elegir y cambiar la clave para su acceso de administraci\u00f3n de la cuenta en cualquier momento, en caso de que se haya registrado y que sea necesario para la compra de alguno de nuestros productos. D&#8217;Rojo gr\u00e1ficas no asume responsabilidad en caso de que el usuario entregue dicha clave a terceros.<\/span><span style=\"font-weight: 400;\"><br \/><\/span><span style=\"font-weight: 400;\"><br \/><\/span><span style=\"font-weight: 400;\">1.3. Todas las compras y transacciones que se lleven a cabo por medio de este sitio web est\u00e1n sujetas a un proceso de confirmaci\u00f3n y verificaci\u00f3n, el cual podr\u00eda incluir la verificaci\u00f3n del stock y disponibilidad del producto, validaci\u00f3n de la forma de pago, validaci\u00f3n de la factura (en caso de existir) y el cumplimiento de las condiciones requeridas por el medio de pago seleccionado. En algunos casos puede que se requiera una verificaci\u00f3n por medio de correo electr\u00f3nico.<\/span><span style=\"font-weight: 400;\"><br \/><\/span><span style=\"font-weight: 400;\"><br \/><\/span><span style=\"font-weight: 400;\">1.4. Los precios de los productos ofrecidos en D&#8217;Rojo gr\u00e1ficas son v\u00e1lidos solamente en las compras realizadas en este sitio web.<\/span><span style=\"font-weight: 400;\"><br \/><\/span><span style=\"font-weight: 400;\"><br \/><\/span><span style=\"font-weight: 400;\">2. LICENCIA<\/span><span style=\"font-weight: 400;\"><br \/><\/span><span style=\"font-weight: 400;\"><br \/><\/span><span style=\"font-weight: 400;\">D&#8217;Rojo gr\u00e1ficas, a trav\u00e9s de su sitio web, concede una licencia para que los usuarios utilicen los productos que son vendidos en este sitio web de acuerdo a los T\u00e9rminos y Condiciones que se describen en este documento.<\/span><span style=\"font-weight: 400;\"><br \/><\/span><span style=\"font-weight: 400;\"><br \/><\/span><span style=\"font-weight: 400;\">3. PROPIEDAD<\/span><span style=\"font-weight: 400;\"><br \/><\/span><span style=\"font-weight: 400;\"><br \/><\/span><span style=\"font-weight: 400;\">3.1. Usted no puede declarar propiedad intelectual o exclusiva a ninguno de nuestros productos, modificados o sin modificar. Todos los productos son propiedad de los proveedores del contenido.<\/span><span style=\"font-weight: 400;\"><br \/><\/span><span style=\"font-weight: 400;\"><br \/><\/span><span style=\"font-weight: 400;\">3.2. En caso de que no se especifique lo contrario, nuestros productos se proporcionan sin ning\u00fan tipo de garant\u00eda, expresa o impl\u00edcita. En ning\u00fan caso esta compa\u00f1\u00eda ser\u00e1 responsable de ning\u00fan da\u00f1o, incluyendo, pero no limitado a, da\u00f1os directos, indirectos, especiales, fortuitos o consecuentes u otras p\u00e9rdidas resultantes del uso o de la imposibilidad de utilizar nuestros productos.<\/span><span style=\"font-weight: 400;\"><br \/><\/span><span style=\"font-weight: 400;\"><br \/><\/span><span style=\"font-weight: 400;\">4. POL\u00cdTICA DE REEMBOLSO Y GARANT\u00cdA<\/span><span style=\"font-weight: 400;\"><br \/><\/span><span style=\"font-weight: 400;\"><br \/><\/span><span style=\"font-weight: 400;\">4.1. En el caso de productos que sean mercanc\u00edas irrevocables no tangibles, no realizamos reembolsos despu\u00e9s de que se env\u00ede el producto. El usuario tiene la responsabilidad de entender las caracter\u00edsticas antes de comprarlo. Solo se hacen excepciones de esta regla cuando la descripci\u00f3n no se ajusta al producto.<\/span><span style=\"font-weight: 400;\"><br \/><\/span><span style=\"font-weight: 400;\"><br \/><\/span><span style=\"font-weight: 400;\">4.2. Hay algunos productos que pudieran tener garant\u00eda y posibilidad de reembolso, pero este ser\u00e1 especificado al comprar el producto. En tales casos la garant\u00eda solo cubrir\u00e1 fallas de f\u00e1brica y solo se har\u00e1 efectiva cuando el producto se haya usado correctamente.<\/span><span style=\"font-weight: 400;\"><br \/><\/span><span style=\"font-weight: 400;\"><br \/><\/span><span style=\"font-weight: 400;\">4.3. La garant\u00eda no cubre aver\u00edas o da\u00f1os ocasionados por uso indebido. Los t\u00e9rminos de la garant\u00eda est\u00e1n asociados a fallas de fabricaci\u00f3n y funcionamiento en condiciones normales de los productos y solo se har\u00e1n efectivos estos t\u00e9rminos si el equipo ha sido usado correctamente.<\/span><span style=\"font-weight: 400;\"><br \/><\/span><span style=\"font-weight: 400;\"><br \/><\/span><span style=\"font-weight: 400;\">5. COMPROBACI\u00d3N ANTIFRAUDE<\/span><span style=\"font-weight: 400;\"><br \/><\/span><span style=\"font-weight: 400;\"><br \/><\/span><span style=\"font-weight: 400;\">La compra del cliente puede ser aplazada para la comprobaci\u00f3n antifraude. Tambi\u00e9n puede ser suspendida por m\u00e1s tiempo para una investigaci\u00f3n m\u00e1s rigurosa, para evitar transacciones fraudulentas.<\/span><span style=\"font-weight: 400;\"><br \/><\/span><span style=\"font-weight: 400;\"><br \/><\/span><span style=\"font-weight: 400;\">6. DERECHO A MODIFICAR LOS T\u00c9RMINOS Y CONDICIONES DE USO<\/span><span style=\"font-weight: 400;\"><br \/><\/span><span style=\"font-weight: 400;\"><br \/><\/span><span style=\"font-weight: 400;\">Nos reservamos el derecho de modificar estos t\u00e9rminos a nuestra entera discreci\u00f3n. Por lo tanto, debe revisar estas p\u00e1ginas peri\u00f3dicamente. Cuando cambiemos los T\u00e9rminos y Condiciones de una manera material, le notificaremos que se han realizado cambios importantes en los mismos a trav\u00e9s de la direcci\u00f3n de email facilitada, con un plazo de antelaci\u00f3n de un mes antes de la entrada en efecto de los nuevos T\u00e9rminos y Condiciones. El uso continuado de la p\u00e1gina web o nuestro servicio despu\u00e9s de dicho cambio constituye su aceptaci\u00f3n de los nuevos t\u00e9rminos.<\/span><span style=\"font-weight: 400;\"><br \/><\/span><span style=\"font-weight: 400;\"><br \/><\/span><span style=\"font-weight: 400;\">7. LEGISLACI\u00d3N Y RESOLUCI\u00d3N DE DISPUTAS<\/span><span style=\"font-weight: 400;\"><br \/><\/span><span style=\"font-weight: 400;\"><br \/><\/span><span style=\"font-weight: 400;\">Estos T\u00e9rminos y Condiciones, los derechos y recursos provistos aqu\u00ed, y todas y cada una de las reclamaciones y disputas relacionadas con este sitio y\/o los servicios, se regir\u00e1n, interpretar\u00e1n y aplicar\u00e1n de conformidad con las leyes internas de Espa\u00f1a. Todas las reclamaciones y disputas se presentar\u00e1n y usted acepta que sean decididas por un tribunal de jurisdicci\u00f3n competente ubicado en la provincia de Ja\u00e9n.<\/span><span style=\"font-weight: 400;\"><br \/><\/span><span style=\"font-weight: 400;\"><br \/><\/span><span style=\"font-weight: 400;\">8. PRIVACIDAD<\/span><span style=\"font-weight: 400;\"><br \/><\/span><span style=\"font-weight: 400;\"><br \/><\/span><span style=\"font-weight: 400;\">D&#8217;Rojo gr\u00e1ficas garantiza que la informaci\u00f3n personal que usted env\u00eda cuenta con la seguridad necesaria. Los datos ingresados por el usuario o, en caso de requerir validaci\u00f3n de los pedidos, no ser\u00e1n entregados a terceros, salvo que deba ser revelada en cumplimiento de una orden judicial o requerimientos legales.<\/span><span style=\"font-weight: 400;\"><br \/><\/span><span style=\"font-weight: 400;\"><br \/><\/span><span style=\"font-weight: 400;\">La suscripci\u00f3n a boletines de correos electr\u00f3nicos publicitarios es voluntaria y podr\u00e1 ser seleccionada al momento de crear su cuenta.<\/span><\/p>\t\t\t\t\t\t\t\t<\/div>\n\t\t\t\t<\/div>\n\t\t\t\t\t<\/div>\n\t\t\t\t<\/div>\n\t\t\t\t<\/div>","protected":false},"excerpt":{"rendered":"<p>T\u00e9rminos y Condiciones Este contrato describe los t\u00e9rminos y condiciones generales aplicables al uso de los contenidos, productos y servicios ofrecidos a trav\u00e9s del sitio D&#8217;Rojo gr\u00e1ficas, del cual es titular Ana Mar\u00eda Herrera Garrido. 1. INFORMACI\u00d3N RELEVANTE Es requisito necesario para la adquisici\u00f3n de los productos que se ofrecen en este sitio que lea [&hellip;]<\/p>","protected":false},"author":2,"featured_media":0,"parent":0,"menu_order":0,"comment_status":"closed","ping_status":"closed","template":"","meta":{"_joinchat":[],"footnotes":""},"class_list":["post-950","page","type-page","status-publish","hentry"],"yoast_head":"<!-- This site is optimized with the Yoast SEO plugin v26.1.1 - https:\/\/yoast.com\/wordpress\/plugins\/seo\/ -->\n<title>T\u00e9rminos y Condiciones | DRojo Gr\u00e1ficas<\/title>\n<meta name=\"robots\" content=\"index, follow, max-snippet:-1, max-image-preview:large, max-video-preview:-1\" \/>\n<link rel=\"canonical\" href=\"https:\/\/drojograficas.com\/en\/terminos-y-condiciones\/\" \/>\n<meta property=\"og:locale\" content=\"en_US\" \/>\n<meta property=\"og:type\" content=\"article\" \/>\n<meta property=\"og:title\" content=\"T\u00e9rminos y Condiciones | DRojo Gr\u00e1ficas\" \/>\n<meta property=\"og:description\" content=\"T\u00e9rminos y Condiciones Este contrato describe los t\u00e9rminos y condiciones generales aplicables al uso de los contenidos, productos y servicios ofrecidos a trav\u00e9s del sitio D&#8217;Rojo gr\u00e1ficas, del cual es titular Ana Mar\u00eda Herrera Garrido. 1. INFORMACI\u00d3N RELEVANTE Es requisito necesario para la adquisici\u00f3n de los productos que se ofrecen en este sitio que lea [&hellip;]\" \/>\n<meta property=\"og:url\" content=\"https:\/\/drojograficas.com\/en\/terminos-y-condiciones\/\" \/>\n<meta property=\"og:site_name\" content=\"DRojo Gr\u00e1ficas\" \/>\n<meta property=\"article:modified_time\" content=\"2025-10-21T07:39:12+00:00\" \/>\n<meta name=\"twitter:card\" content=\"summary_large_image\" \/>\n<meta name=\"twitter:label1\" content=\"Est. reading time\" \/>\n\t<meta name=\"twitter:data1\" content=\"4 minutes\" \/>\n<script type=\"application\/ld+json\" class=\"yoast-schema-graph\">{\"@context\":\"https:\/\/schema.org\",\"@graph\":[{\"@type\":\"WebPage\",\"@id\":\"https:\/\/drojograficas.com\/terminos-y-condiciones\/\",\"url\":\"https:\/\/drojograficas.com\/terminos-y-condiciones\/\",\"name\":\"T\u00e9rminos y Condiciones | DRojo Gr\u00e1ficas\",\"isPartOf\":{\"@id\":\"https:\/\/drojograficas.com\/#website\"},\"datePublished\":\"2025-10-21T07:35:08+00:00\",\"dateModified\":\"2025-10-21T07:39:12+00:00\",\"breadcrumb\":{\"@id\":\"https:\/\/drojograficas.com\/terminos-y-condiciones\/#breadcrumb\"},\"inLanguage\":\"en-US\",\"potentialAction\":[{\"@type\":\"ReadAction\",\"target\":[\"https:\/\/drojograficas.com\/terminos-y-condiciones\/\"]}]},{\"@type\":\"BreadcrumbList\",\"@id\":\"https:\/\/drojograficas.com\/terminos-y-condiciones\/#breadcrumb\",\"itemListElement\":[{\"@type\":\"ListItem\",\"position\":1,\"name\":\"Portada\",\"item\":\"https:\/\/drojograficas.com\/\"},{\"@type\":\"ListItem\",\"position\":2,\"name\":\"T\u00e9rminos y Condiciones\"}]},{\"@type\":\"WebSite\",\"@id\":\"https:\/\/drojograficas.com\/#website\",\"url\":\"https:\/\/drojograficas.com\/\",\"name\":\"DRojo Gr\u00e1ficas\",\"description\":\"Imprime y personaliza todo lo que quieras al\",\"publisher\":{\"@id\":\"https:\/\/drojograficas.com\/#organization\"},\"potentialAction\":[{\"@type\":\"SearchAction\",\"target\":{\"@type\":\"EntryPoint\",\"urlTemplate\":\"https:\/\/drojograficas.com\/?s={search_term_string}\"},\"query-input\":{\"@type\":\"PropertyValueSpecification\",\"valueRequired\":true,\"valueName\":\"search_term_string\"}}],\"inLanguage\":\"en-US\"},{\"@type\":\"Organization\",\"@id\":\"https:\/\/drojograficas.com\/#organization\",\"name\":\"DRojo Gr\u00e1ficas\",\"url\":\"https:\/\/drojograficas.com\/\",\"logo\":{\"@type\":\"ImageObject\",\"inLanguage\":\"en-US\",\"@id\":\"https:\/\/drojograficas.com\/#\/schema\/logo\/image\/\",\"url\":\"https:\/\/drojograficas.com\/wp-content\/uploads\/2025\/03\/logo.svg\",\"contentUrl\":\"https:\/\/drojograficas.com\/wp-content\/uploads\/2025\/03\/logo.svg\",\"width\":186,\"height\":60,\"caption\":\"DRojo Gr\u00e1ficas\"},\"image\":{\"@id\":\"https:\/\/drojograficas.com\/#\/schema\/logo\/image\/\"}}]}<\/script>\n<!-- \/ Yoast SEO plugin. -->","yoast_head_json":{"title":"T\u00e9rminos y Condiciones | DRojo Gr\u00e1ficas","robots":{"index":"index","follow":"follow","max-snippet":"max-snippet:-1","max-image-preview":"max-image-preview:large","max-video-preview":"max-video-preview:-1"},"canonical":"https:\/\/drojograficas.com\/en\/terminos-y-condiciones\/","og_locale":"en_US","og_type":"article","og_title":"T\u00e9rminos y Condiciones | DRojo Gr\u00e1ficas","og_description":"T\u00e9rminos y Condiciones Este contrato describe los t\u00e9rminos y condiciones generales aplicables al uso de los contenidos, productos y servicios ofrecidos a trav\u00e9s del sitio D&#8217;Rojo gr\u00e1ficas, del cual es titular Ana Mar\u00eda Herrera Garrido. 1. INFORMACI\u00d3N RELEVANTE Es requisito necesario para la adquisici\u00f3n de los productos que se ofrecen en este sitio que lea [&hellip;]","og_url":"https:\/\/drojograficas.com\/en\/terminos-y-condiciones\/","og_site_name":"DRojo Gr\u00e1ficas","article_modified_time":"2025-10-21T07:39:12+00:00","twitter_card":"summary_large_image","twitter_misc":{"Est. reading time":"4 minutes"},"schema":{"@context":"https:\/\/schema.org","@graph":[{"@type":"WebPage","@id":"https:\/\/drojograficas.com\/terminos-y-condiciones\/","url":"https:\/\/drojograficas.com\/terminos-y-condiciones\/","name":"T\u00e9rminos y Condiciones | DRojo Gr\u00e1ficas","isPartOf":{"@id":"https:\/\/drojograficas.com\/#website"},"datePublished":"2025-10-21T07:35:08+00:00","dateModified":"2025-10-21T07:39:12+00:00","breadcrumb":{"@id":"https:\/\/drojograficas.com\/terminos-y-condiciones\/#breadcrumb"},"inLanguage":"en-US","potentialAction":[{"@type":"ReadAction","target":["https:\/\/drojograficas.com\/terminos-y-condiciones\/"]}]},{"@type":"BreadcrumbList","@id":"https:\/\/drojograficas.com\/terminos-y-condiciones\/#breadcrumb","itemListElement":[{"@type":"ListItem","position":1,"name":"Portada","item":"https:\/\/drojograficas.com\/"},{"@type":"ListItem","position":2,"name":"T\u00e9rminos y Condiciones"}]},{"@type":"WebSite","@id":"https:\/\/drojograficas.com\/#website","url":"https:\/\/drojograficas.com\/","name":"DRojo Gr\u00e1ficas","description":"Imprime y personaliza todo lo que quieras al","publisher":{"@id":"https:\/\/drojograficas.com\/#organization"},"potentialAction":[{"@type":"SearchAction","target":{"@type":"EntryPoint","urlTemplate":"https:\/\/drojograficas.com\/?s={search_term_string}"},"query-input":{"@type":"PropertyValueSpecification","valueRequired":true,"valueName":"search_term_string"}}],"inLanguage":"en-US"},{"@type":"Organization","@id":"https:\/\/drojograficas.com\/#organization","name":"DRojo Gr\u00e1ficas","url":"https:\/\/drojograficas.com\/","logo":{"@type":"ImageObject","inLanguage":"en-US","@id":"https:\/\/drojograficas.com\/#\/schema\/logo\/image\/","url":"https:\/\/drojograficas.com\/wp-content\/uploads\/2025\/03\/logo.svg","contentUrl":"https:\/\/drojograficas.com\/wp-content\/uploads\/2025\/03\/logo.svg","width":186,"height":60,"caption":"DRojo Gr\u00e1ficas"},"image":{"@id":"https:\/\/drojograficas.com\/#\/schema\/logo\/image\/"}}]}},"_links":{"self":[{"href":"https:\/\/drojograficas.com\/en\/wp-json\/wp\/v2\/pages\/950","targetHints":{"allow":["GET"]}}],"collection":[{"href":"https:\/\/drojograficas.com\/en\/wp-json\/wp\/v2\/pages"}],"about":[{"href":"https:\/\/drojograficas.com\/en\/wp-json\/wp\/v2\/types\/page"}],"author":[{"embeddable":true,"href":"https:\/\/drojograficas.com\/en\/wp-json\/wp\/v2\/users\/2"}],"replies":[{"embeddable":true,"href":"https:\/\/drojograficas.com\/en\/wp-json\/wp\/v2\/comments?post=950"}],"version-history":[{"count":8,"href":"https:\/\/drojograficas.com\/en\/wp-json\/wp\/v2\/pages\/950\/revisions"}],"predecessor-version":[{"id":958,"href":"https:\/\/drojograficas.com\/en\/wp-json\/wp\/v2\/pages\/950\/revisions\/958"}],"wp:attachment":[{"href":"https:\/\/drojograficas.com\/en\/wp-json\/wp\/v2\/media?parent=950"}],"curies":[{"name":"wp","href":"https:\/\/api.w.org\/{rel}","templated":true}]}}